{"id":14,"date":"2023-06-07T17:05:25","date_gmt":"2023-06-07T15:05:25","guid":{"rendered":"https:\/\/policzone-biurorachunkowe.pl\/?page_id=14"},"modified":"2023-06-23T11:20:52","modified_gmt":"2023-06-23T09:20:52","slug":"cennik","status":"publish","type":"page","link":"https:\/\/policzone-biurorachunkowe.pl\/?page_id=14","title":{"rendered":"Cennik"},"content":{"rendered":"\t\t<div data-elementor-type=\"wp-page\" data-elementor-id=\"14\" class=\"elementor elementor-14\" data-elementor-post-type=\"page\">\n\t\t\t\t\t\t<section class=\"elementor-section elementor-top-section elementor-element elementor-element-1272c9b elementor-section-content-middle elementor-section-boxed elementor-section-height-default elementor-section-height-default\" data-id=\"1272c9b\" data-element_type=\"section\">\n\t\t\t\t\t\t<div class=\"elementor-container elementor-column-gap-default\">\n\t\t\t\t\t<div class=\"elementor-column elementor-col-50 elementor-top-column elementor-element elementor-element-455e5ac\" data-id=\"455e5ac\" data-element_type=\"column\">\n\t\t\t<div class=\"elementor-widget-wrap elementor-element-populated\">\n\t\t\t\t\t\t<div class=\"elementor-element elementor-element-d525bcb elementor-widget elementor-widget-text-editor\" data-id=\"d525bcb\" data-element_type=\"widget\" data-widget_type=\"text-editor.default\">\n\t\t\t\t<div class=\"elementor-widget-container\">\n\t\t\t<style>\/*! elementor - v3.23.0 - 05-08-2024 *\/\n.elementor-widget-text-editor.elementor-drop-cap-view-stacked .elementor-drop-cap{background-color:#69727d;color:#fff}.elementor-widget-text-editor.elementor-drop-cap-view-framed .elementor-drop-cap{color:#69727d;border:3px solid;background-color:transparent}.elementor-widget-text-editor:not(.elementor-drop-cap-view-default) .elementor-drop-cap{margin-top:8px}.elementor-widget-text-editor:not(.elementor-drop-cap-view-default) .elementor-drop-cap-letter{width:1em;height:1em}.elementor-widget-text-editor .elementor-drop-cap{float:left;text-align:center;line-height:1;font-size:50px}.elementor-widget-text-editor .elementor-drop-cap-letter{display:inline-block}<\/style>\t\t\t\t<h3>Dzie\u0144 dobry,<br \/>przed Pa\u0144stwem wype\u0142nienie <br \/>ankiety, aby pozna\u0107 wycen\u0119<br \/>dostosowan\u0105 do Twoich potrzeb.<\/h3>\t\t\t\t\t\t<\/div>\n\t\t\t\t<\/div>\n\t\t\t\t\t<\/div>\n\t\t<\/div>\n\t\t\t\t<div class=\"elementor-column elementor-col-50 elementor-top-column elementor-element elementor-element-f3d01b3\" data-id=\"f3d01b3\" data-element_type=\"column\">\n\t\t\t<div class=\"elementor-widget-wrap elementor-element-populated\">\n\t\t\t\t\t\t<div class=\"elementor-element elementor-element-50ea869 elementor-widget__width-auto elementor-widget elementor-widget-text-editor\" data-id=\"50ea869\" data-element_type=\"widget\" data-widget_type=\"text-editor.default\">\n\t\t\t\t<div class=\"elementor-widget-container\">\n\t\t\t\t\t\t\t<h4>Nie chcesz wype\u0142nia\u0107 ankiety, zadzwo\u0144:<\/h4><h2><a href=\"tel:+48604783179\">+48 604 783 179<\/a><\/h2>\t\t\t\t\t\t<\/div>\n\t\t\t\t<\/div>\n\t\t\t\t\t<\/div>\n\t\t<\/div>\n\t\t\t\t\t<\/div>\n\t\t<\/section>\n\t\t\t\t<section class=\"elementor-section elementor-top-section elementor-element elementor-element-a93472a elementor-section-boxed elementor-section-height-default elementor-section-height-default\" data-id=\"a93472a\" data-element_type=\"section\">\n\t\t\t\t\t\t<div class=\"elementor-container elementor-column-gap-default\">\n\t\t\t\t\t<div class=\"elementor-column elementor-col-100 elementor-top-column elementor-element elementor-element-bf0ea18\" data-id=\"bf0ea18\" data-element_type=\"column\" data-settings=\"{&quot;background_background&quot;:&quot;classic&quot;}\">\n\t\t\t<div class=\"elementor-widget-wrap elementor-element-populated\">\n\t\t\t\t\t\t<div class=\"elementor-element elementor-element-eab4e39 home-form elementor-widget elementor-widget-shortcode\" data-id=\"eab4e39\" data-element_type=\"widget\" data-widget_type=\"shortcode.default\">\n\t\t\t\t<div class=\"elementor-widget-container\">\n\t\t\t\t\t<div class=\"elementor-shortcode\">\n<div class=\"wpcf7 no-js\" id=\"wpcf7-f273-o1\" lang=\"pl-PL\" dir=\"ltr\">\n<div class=\"screen-reader-response\"><p role=\"status\" aria-live=\"polite\" aria-atomic=\"true\"><\/p> <ul><\/ul><\/div>\n<form action=\"\/index.php?rest_route=%2Fwp%2Fv2%2Fpages%2F14#wpcf7-f273-o1\" method=\"post\" class=\"wpcf7-form init\" aria-label=\"Formularz kontaktowy\" novalidate=\"novalidate\" data-status=\"init\">\n<div style=\"display: none;\">\n<input type=\"hidden\" name=\"_wpcf7\" value=\"273\" \/>\n<input type=\"hidden\" name=\"_wpcf7_version\" value=\"5.9.8\" \/>\n<input type=\"hidden\" name=\"_wpcf7_locale\" value=\"pl_PL\" \/>\n<input type=\"hidden\" name=\"_wpcf7_unit_tag\" value=\"wpcf7-f273-o1\" \/>\n<input type=\"hidden\" name=\"_wpcf7_container_post\" value=\"0\" \/>\n<input type=\"hidden\" name=\"_wpcf7_posted_data_hash\" value=\"\" \/>\n<input type=\"hidden\" name=\"_wpcf7cf_hidden_group_fields\" value=\"[]\" \/>\n<input type=\"hidden\" name=\"_wpcf7cf_hidden_groups\" value=\"[]\" \/>\n<input type=\"hidden\" name=\"_wpcf7cf_visible_groups\" value=\"[]\" \/>\n<input type=\"hidden\" name=\"_wpcf7cf_repeaters\" value=\"[]\" \/>\n<input type=\"hidden\" name=\"_wpcf7cf_steps\" value=\"{}\" \/>\n<input type=\"hidden\" name=\"_wpcf7cf_options\" value=\"{&quot;form_id&quot;:273,&quot;conditions&quot;:[{&quot;then_field&quot;:&quot;group-793&quot;,&quot;and_rules&quot;:[{&quot;if_field&quot;:&quot;opcje&quot;,&quot;operator&quot;:&quot;equals&quot;,&quot;if_value&quot;:&quot;Pe\\u0142na ksi\\u0119gowo\\u015b\\u0107&quot;}]},{&quot;then_field&quot;:&quot;group-922&quot;,&quot;and_rules&quot;:[{&quot;if_field&quot;:&quot;opcje&quot;,&quot;operator&quot;:&quot;not equals&quot;,&quot;if_value&quot;:&quot;Doradztwo podatkowe&quot;}]}],&quot;settings&quot;:{&quot;animation&quot;:&quot;yes&quot;,&quot;animation_intime&quot;:200,&quot;animation_outtime&quot;:200,&quot;conditions_ui&quot;:&quot;normal&quot;,&quot;notice_dismissed&quot;:false}}\" \/>\n<\/div>\n<div class=\"form-row\">\n<label>1. Wybierz jedn\u0105 z opcji:<\/label>\n<span class=\"wpcf7-form-control-wrap\" data-name=\"opcje\"><span class=\"wpcf7-form-control wpcf7-radio\"><span class=\"wpcf7-list-item first\"><label><input type=\"radio\" name=\"opcje\" value=\"Ksi\u0119gowo\u015b\u0107 uproszczona\" \/><span class=\"wpcf7-list-item-label\">Ksi\u0119gowo\u015b\u0107 uproszczona<\/span><\/label><\/span><span class=\"wpcf7-list-item\"><label><input type=\"radio\" name=\"opcje\" value=\"Pe\u0142na ksi\u0119gowo\u015b\u0107\" \/><span class=\"wpcf7-list-item-label\">Pe\u0142na ksi\u0119gowo\u015b\u0107<\/span><\/label><\/span><span class=\"wpcf7-list-item\"><label><input type=\"radio\" name=\"opcje\" value=\"Doradztwo podatkowe\" \/><span class=\"wpcf7-list-item-label\">Doradztwo podatkowe<\/span><\/label><\/span><span class=\"wpcf7-list-item last\"><label><input type=\"radio\" name=\"opcje\" value=\"Prowadzenie ksi\u0119gowo\u015bci zewn\u0119trznej dla firmy\" \/><span class=\"wpcf7-list-item-label\">Prowadzenie ksi\u0119gowo\u015bci zewn\u0119trznej dla firmy<\/span><\/label><\/span><\/span><\/span>\n<\/div>\n<div data-id=\"group-922\" data-orig_data_id=\"group-922\"  data-class=\"wpcf7cf_group\">\n<div class=\"form-row\">\n<label>2. Rodzaj opodatkowania:<\/label>\n<span class=\"wpcf7-form-control-wrap\" data-name=\"rodzaj-opodatkowania\"><span class=\"wpcf7-form-control wpcf7-radio\"><span class=\"wpcf7-list-item first\"><label><input type=\"radio\" name=\"rodzaj-opodatkowania\" value=\"Rycza\u0142t\" \/><span class=\"wpcf7-list-item-label\">Rycza\u0142t<\/span><\/label><\/span><span class=\"wpcf7-list-item\"><label><input type=\"radio\" name=\"rodzaj-opodatkowania\" value=\"Zasady og\u00f3lne\" \/><span class=\"wpcf7-list-item-label\">Zasady og\u00f3lne<\/span><\/label><\/span><span class=\"wpcf7-list-item\"><label><input type=\"radio\" name=\"rodzaj-opodatkowania\" value=\"Karta podatkowa\" \/><span class=\"wpcf7-list-item-label\">Karta podatkowa<\/span><\/label><\/span><span class=\"wpcf7-list-item last\"><label><input type=\"radio\" name=\"rodzaj-opodatkowania\" value=\"Podatek liniowy\" \/><span class=\"wpcf7-list-item-label\">Podatek liniowy<\/span><\/label><\/span><\/span><\/span>\n<\/div>\n<div class=\"form-row\">\n<label>3. Ilo\u015b\u0107 pracownik\u00f3w:<\/label>\n<span class=\"wpcf7-form-control-wrap\" data-name=\"ilosc-pracownikow\"><input class=\"wpcf7-form-control wpcf7-number wpcf7-validates-as-number\" aria-invalid=\"false\" placeholder=\"PODAJ ILO\u015a\u0106\" value=\"\" type=\"number\" name=\"ilosc-pracownikow\" \/><\/span>\n<\/div>\n<div class=\"form-row\">\n<label>4. Ilo\u015b\u0107 dokument\u00f3w zakupowych:<\/label>\n<span class=\"wpcf7-form-control-wrap\" data-name=\"ilosc-dokumentow-zakupowych\"><input class=\"wpcf7-form-control wpcf7-number wpcf7-validates-as-number\" aria-invalid=\"false\" placeholder=\"PODAJ ILO\u015a\u0106\" value=\"\" type=\"number\" name=\"ilosc-dokumentow-zakupowych\" \/><\/span>\n<\/div>\n<div class=\"form-row\">\n<label>5. Ilo\u015b\u0107 dokument\u00f3w sprzeda\u017cowych:<\/label>\n<span class=\"wpcf7-form-control-wrap\" data-name=\"ilosc-dokumentow-sprzedazowych\"><input class=\"wpcf7-form-control wpcf7-number wpcf7-validates-as-number\" aria-invalid=\"false\" placeholder=\"PODAJ ILO\u015a\u0106\" value=\"\" type=\"number\" name=\"ilosc-dokumentow-sprzedazowych\" \/><\/span>\n<\/div>\n<div data-id=\"group-793\" data-orig_data_id=\"group-793\"  data-class=\"wpcf7cf_group\">\n<div class=\"form-row\">\n<label>5.1. Ilo\u015b\u0107 pozycji WB:<\/label>\n<span class=\"wpcf7-form-control-wrap\" data-name=\"ilosc-pozycji-wb\"><input class=\"wpcf7-form-control wpcf7-number wpcf7-validates-as-number\" aria-invalid=\"false\" placeholder=\"PODAJ ILO\u015a\u0106\" value=\"\" type=\"number\" name=\"ilosc-pozycji-wb\" \/><\/span>\n<\/div>\n<\/div>\n<div class=\"form-row\">\n<label>6. Czynny podatnik VAT:<\/label>\n<span class=\"wpcf7-form-control-wrap\" data-name=\"opcje-vat\"><span class=\"wpcf7-form-control wpcf7-radio\"><span class=\"wpcf7-list-item first\"><label><input type=\"radio\" name=\"opcje-vat\" value=\"Tak\" \/><span class=\"wpcf7-list-item-label\">Tak<\/span><\/label><\/span><span class=\"wpcf7-list-item last\"><label><input type=\"radio\" name=\"opcje-vat\" value=\"Nie\" \/><span class=\"wpcf7-list-item-label\">Nie<\/span><\/label><\/span><\/span><\/span>\n<\/div>\n<\/div>\n<div class=\"form-row col-3\">\n<label>7. Info<\/label>\n<div class=\"form-col\">\n<span class=\"wpcf7-form-control-wrap\" data-name=\"your-name\"><input size=\"40\" maxlength=\"400\" class=\"wpcf7-form-control wpcf7-text wpcf7-validates-as-required\" aria-required=\"true\" aria-invalid=\"false\" placeholder=\"Podaj Imi\u0119\" value=\"\" type=\"text\" name=\"your-name\" \/><\/span>\n<\/div>\n<div class=\"form-col\">\n<span class=\"wpcf7-form-control-wrap\" data-name=\"your-email\"><input size=\"40\" maxlength=\"400\" class=\"wpcf7-form-control wpcf7-email wpcf7-validates-as-required wpcf7-text wpcf7-validates-as-email\" autocomplete=\"email\" aria-required=\"true\" aria-invalid=\"false\" placeholder=\"Podaj E-mail\" value=\"\" type=\"email\" name=\"your-email\" \/><\/span>\n<\/div>\n<div class=\"form-col\">\n<span class=\"wpcf7-form-control-wrap\" data-name=\"telefon\"><input size=\"40\" maxlength=\"400\" class=\"wpcf7-form-control wpcf7-tel wpcf7-validates-as-required wpcf7-text wpcf7-validates-as-tel\" autocomplete=\"phone\" aria-required=\"true\" aria-invalid=\"false\" placeholder=\"Podaj Telefon\" value=\"\" type=\"tel\" name=\"telefon\" \/><\/span>\n<\/div>\n<\/div>\n<div class=\"form-row\">\n<span class=\"wpcf7-form-control-wrap\" data-name=\"akceptacja\"><span class=\"wpcf7-form-control wpcf7-acceptance\"><span class=\"wpcf7-list-item\"><label><input type=\"checkbox\" name=\"akceptacja\" value=\"1\" aria-invalid=\"false\" \/><span class=\"wpcf7-list-item-label\">Zapozna\u0142em\/am si\u0119 z regulaminem i wyra\u017cam zgod\u0119 na przygotowanie oferty i przes\u0142ania jej pod nr. telefonu i adresem e-mail.<\/span><\/label><\/span><\/span><\/span>\n<\/div>\n<div class=\"form-row last\">\n<input class=\"wpcf7-form-control wpcf7-submit has-spinner\" type=\"submit\" value=\"Wy\u015blij\" \/>\n<\/div>\n<\/div><div class=\"wpcf7-response-output\" aria-hidden=\"true\"><\/div>\n<\/form>\n<\/div>\n<\/div>\n\t\t\t\t<\/div>\n\t\t\t\t<\/div>\n\t\t\t\t\t<\/div>\n\t\t<\/div>\n\t\t\t\t\t<\/div>\n\t\t<\/section>\n\t\t\t\t<\/div>\n\t\t","protected":false},"excerpt":{"rendered":"<p>Dzie\u0144 dobry,przed Pa\u0144stwem wype\u0142nienie ankiety, aby pozna\u0107 wycen\u0119dostosowan\u0105 do Twoich potrzeb. Nie chcesz wype\u0142nia\u0107 ankiety, zadzwo\u0144: +48 604 783 179<\/p>\n","protected":false},"author":1,"featured_media":0,"parent":0,"menu_order":0,"comment_status":"closed","ping_status":"closed","template":"elementor_header_footer","meta":{"footnotes":""},"class_list":["post-14","page","type-page","status-publish","hentry"],"yoast_head":"<!-- This site is optimized with the Yoast SEO plugin v23.3 - https:\/\/yoast.com\/wordpress\/plugins\/seo\/ -->\n<title>Cennik - Biuro Rachunkowe Policzone<\/title>\n<meta name=\"robots\" content=\"index, follow, max-snippet:-1, max-image-preview:large, max-video-preview:-1\" \/>\n<link rel=\"canonical\" href=\"https:\/\/policzone-biurorachunkowe.pl\/?page_id=14\" \/>\n<meta property=\"og:locale\" content=\"pl_PL\" \/>\n<meta property=\"og:type\" content=\"article\" \/>\n<meta property=\"og:title\" content=\"Cennik - Biuro Rachunkowe Policzone\" \/>\n<meta property=\"og:description\" content=\"Dzie\u0144 dobry,przed Pa\u0144stwem wype\u0142nienie ankiety, aby pozna\u0107 wycen\u0119dostosowan\u0105 do Twoich potrzeb. Nie chcesz wype\u0142nia\u0107 ankiety, zadzwo\u0144: +48 604 783 179\" \/>\n<meta property=\"og:url\" content=\"https:\/\/policzone-biurorachunkowe.pl\/?page_id=14\" \/>\n<meta property=\"og:site_name\" content=\"Biuro Rachunkowe Policzone\" \/>\n<meta property=\"article:modified_time\" content=\"2023-06-23T09:20:52+00:00\" \/>\n<meta name=\"twitter:card\" content=\"summary_large_image\" \/>\n<meta name=\"twitter:label1\" content=\"Szacowany czas czytania\" \/>\n\t<meta name=\"twitter:data1\" content=\"1 minuta\" \/>\n<script type=\"application\/ld+json\" class=\"yoast-schema-graph\">{\"@context\":\"https:\/\/schema.org\",\"@graph\":[{\"@type\":\"WebPage\",\"@id\":\"https:\/\/policzone-biurorachunkowe.pl\/?page_id=14\",\"url\":\"https:\/\/policzone-biurorachunkowe.pl\/?page_id=14\",\"name\":\"Cennik - Biuro Rachunkowe Policzone\",\"isPartOf\":{\"@id\":\"https:\/\/policzone-biurorachunkowe.pl\/#website\"},\"datePublished\":\"2023-06-07T15:05:25+00:00\",\"dateModified\":\"2023-06-23T09:20:52+00:00\",\"breadcrumb\":{\"@id\":\"https:\/\/policzone-biurorachunkowe.pl\/?page_id=14#breadcrumb\"},\"inLanguage\":\"pl-PL\",\"potentialAction\":[{\"@type\":\"ReadAction\",\"target\":[\"https:\/\/policzone-biurorachunkowe.pl\/?page_id=14\"]}]},{\"@type\":\"BreadcrumbList\",\"@id\":\"https:\/\/policzone-biurorachunkowe.pl\/?page_id=14#breadcrumb\",\"itemListElement\":[{\"@type\":\"ListItem\",\"position\":1,\"name\":\"Strona g\u0142\u00f3wna\",\"item\":\"https:\/\/policzone-biurorachunkowe.pl\/\"},{\"@type\":\"ListItem\",\"position\":2,\"name\":\"Cennik\"}]},{\"@type\":\"WebSite\",\"@id\":\"https:\/\/policzone-biurorachunkowe.pl\/#website\",\"url\":\"https:\/\/policzone-biurorachunkowe.pl\/\",\"name\":\"Biuro Rachunkowe Policzone\",\"description\":\"\",\"publisher\":{\"@id\":\"https:\/\/policzone-biurorachunkowe.pl\/#organization\"},\"potentialAction\":[{\"@type\":\"SearchAction\",\"target\":{\"@type\":\"EntryPoint\",\"urlTemplate\":\"https:\/\/policzone-biurorachunkowe.pl\/?s={search_term_string}\"},\"query-input\":\"required name=search_term_string\"}],\"inLanguage\":\"pl-PL\"},{\"@type\":\"Organization\",\"@id\":\"https:\/\/policzone-biurorachunkowe.pl\/#organization\",\"name\":\"Biuro Rachunkowe Policzone\",\"url\":\"https:\/\/policzone-biurorachunkowe.pl\/\",\"logo\":{\"@type\":\"ImageObject\",\"inLanguage\":\"pl-PL\",\"@id\":\"https:\/\/policzone-biurorachunkowe.pl\/#\/schema\/logo\/image\/\",\"url\":\"https:\/\/policzone-biurorachunkowe.pl\/wp-content\/uploads\/2023\/06\/logo.svg\",\"contentUrl\":\"https:\/\/policzone-biurorachunkowe.pl\/wp-content\/uploads\/2023\/06\/logo.svg\",\"width\":178,\"height\":64,\"caption\":\"Biuro Rachunkowe Policzone\"},\"image\":{\"@id\":\"https:\/\/policzone-biurorachunkowe.pl\/#\/schema\/logo\/image\/\"}}]}<\/script>\n<!-- \/ Yoast SEO plugin. -->","yoast_head_json":{"title":"Cennik - Biuro Rachunkowe Policzone","robots":{"index":"index","follow":"follow","max-snippet":"max-snippet:-1","max-image-preview":"max-image-preview:large","max-video-preview":"max-video-preview:-1"},"canonical":"https:\/\/policzone-biurorachunkowe.pl\/?page_id=14","og_locale":"pl_PL","og_type":"article","og_title":"Cennik - Biuro Rachunkowe Policzone","og_description":"Dzie\u0144 dobry,przed Pa\u0144stwem wype\u0142nienie ankiety, aby pozna\u0107 wycen\u0119dostosowan\u0105 do Twoich potrzeb. Nie chcesz wype\u0142nia\u0107 ankiety, zadzwo\u0144: +48 604 783 179","og_url":"https:\/\/policzone-biurorachunkowe.pl\/?page_id=14","og_site_name":"Biuro Rachunkowe Policzone","article_modified_time":"2023-06-23T09:20:52+00:00","twitter_card":"summary_large_image","twitter_misc":{"Szacowany czas czytania":"1 minuta"},"schema":{"@context":"https:\/\/schema.org","@graph":[{"@type":"WebPage","@id":"https:\/\/policzone-biurorachunkowe.pl\/?page_id=14","url":"https:\/\/policzone-biurorachunkowe.pl\/?page_id=14","name":"Cennik - Biuro Rachunkowe Policzone","isPartOf":{"@id":"https:\/\/policzone-biurorachunkowe.pl\/#website"},"datePublished":"2023-06-07T15:05:25+00:00","dateModified":"2023-06-23T09:20:52+00:00","breadcrumb":{"@id":"https:\/\/policzone-biurorachunkowe.pl\/?page_id=14#breadcrumb"},"inLanguage":"pl-PL","potentialAction":[{"@type":"ReadAction","target":["https:\/\/policzone-biurorachunkowe.pl\/?page_id=14"]}]},{"@type":"BreadcrumbList","@id":"https:\/\/policzone-biurorachunkowe.pl\/?page_id=14#breadcrumb","itemListElement":[{"@type":"ListItem","position":1,"name":"Strona g\u0142\u00f3wna","item":"https:\/\/policzone-biurorachunkowe.pl\/"},{"@type":"ListItem","position":2,"name":"Cennik"}]},{"@type":"WebSite","@id":"https:\/\/policzone-biurorachunkowe.pl\/#website","url":"https:\/\/policzone-biurorachunkowe.pl\/","name":"Biuro Rachunkowe Policzone","description":"","publisher":{"@id":"https:\/\/policzone-biurorachunkowe.pl\/#organization"},"potentialAction":[{"@type":"SearchAction","target":{"@type":"EntryPoint","urlTemplate":"https:\/\/policzone-biurorachunkowe.pl\/?s={search_term_string}"},"query-input":"required name=search_term_string"}],"inLanguage":"pl-PL"},{"@type":"Organization","@id":"https:\/\/policzone-biurorachunkowe.pl\/#organization","name":"Biuro Rachunkowe Policzone","url":"https:\/\/policzone-biurorachunkowe.pl\/","logo":{"@type":"ImageObject","inLanguage":"pl-PL","@id":"https:\/\/policzone-biurorachunkowe.pl\/#\/schema\/logo\/image\/","url":"https:\/\/policzone-biurorachunkowe.pl\/wp-content\/uploads\/2023\/06\/logo.svg","contentUrl":"https:\/\/policzone-biurorachunkowe.pl\/wp-content\/uploads\/2023\/06\/logo.svg","width":178,"height":64,"caption":"Biuro Rachunkowe Policzone"},"image":{"@id":"https:\/\/policzone-biurorachunkowe.pl\/#\/schema\/logo\/image\/"}}]}},"_links":{"self":[{"href":"https:\/\/policzone-biurorachunkowe.pl\/index.php?rest_route=\/wp\/v2\/pages\/14","targetHints":{"allow":["GET"]}}],"collection":[{"href":"https:\/\/policzone-biurorachunkowe.pl\/index.php?rest_route=\/wp\/v2\/pages"}],"about":[{"href":"https:\/\/policzone-biurorachunkowe.pl\/index.php?rest_route=\/wp\/v2\/types\/page"}],"author":[{"embeddable":true,"href":"https:\/\/policzone-biurorachunkowe.pl\/index.php?rest_route=\/wp\/v2\/users\/1"}],"replies":[{"embeddable":true,"href":"https:\/\/policzone-biurorachunkowe.pl\/index.php?rest_route=%2Fwp%2Fv2%2Fcomments&post=14"}],"version-history":[{"count":0,"href":"https:\/\/policzone-biurorachunkowe.pl\/index.php?rest_route=\/wp\/v2\/pages\/14\/revisions"}],"wp:attachment":[{"href":"https:\/\/policzone-biurorachunkowe.pl\/index.php?rest_route=%2Fwp%2Fv2%2Fmedia&parent=14"}],"curies":[{"name":"wp","href":"https:\/\/api.w.org\/{rel}","templated":true}]}}